{"id":1398,"date":"2018-11-27T09:16:54","date_gmt":"2018-11-27T09:16:54","guid":{"rendered":"http:\/\/feliciekarbal.fr\/index.php\/home\/"},"modified":"2024-11-30T10:29:32","modified_gmt":"2024-11-30T09:29:32","slug":"home","status":"publish","type":"page","link":"https:\/\/feliciekarbal.fr\/","title":{"rendered":"En quelques mots"},"content":{"rendered":"\t\t<div data-elementor-type=\"wp-page\" data-elementor-id=\"1398\" class=\"elementor elementor-1398\">\n\t\t\t\t\t\t<section class=\"elementor-section elementor-top-section elementor-element elementor-element-c50838b elementor-section-boxed elementor-section-height-default elementor-section-height-default\" data-id=\"c50838b\" data-element_type=\"section\" data-settings=\"{&quot;background_background&quot;:&quot;classic&quot;}\">\n\t\t\t\t\t\t\t<div class=\"elementor-background-overlay\"><\/div>\n\t\t\t\t\t\t\t<div class=\"elementor-container elementor-column-gap-default\">\n\t\t\t\t\t<div class=\"elementor-column elementor-col-100 elementor-top-column elementor-element elementor-element-55b0429\" data-id=\"55b0429\" data-element_type=\"column\">\n\t\t\t<div class=\"elementor-widget-wrap elementor-element-populated\">\n\t\t\t\t\t\t<div class=\"elementor-element elementor-element-453e782 elementor-widget-mobile__width-initial elementor-widget__width-initial elementor-widget elementor-widget-heading\" data-id=\"453e782\" data-element_type=\"widget\" data-widget_type=\"heading.default\">\n\t\t\t\t<div class=\"elementor-widget-container\">\n\t\t\t<h1 class=\"elementor-heading-title elementor-size-small\"><br><br>\nF\u00e9licie Karbal<br><br><\/h1>\t\t<\/div>\n\t\t\t\t<\/div>\n\t\t\t\t<div class=\"elementor-element elementor-element-3428592 elementor-widget__width-initial elementor-widget-mobile__width-initial elementor-widget elementor-widget-heading\" data-id=\"3428592\" data-element_type=\"widget\" data-widget_type=\"heading.default\">\n\t\t\t\t<div class=\"elementor-widget-container\">\n\t\t\t<h3 class=\"elementor-heading-title elementor-size-xl\"><br><br><br>Mieux vivre au quotidien c'est possible<\/h3>\t\t<\/div>\n\t\t\t\t<\/div>\n\t\t\t\t<div class=\"elementor-element elementor-element-90a34ef elementor-widget elementor-widget-heading\" data-id=\"90a34ef\" data-element_type=\"widget\" data-widget_type=\"heading.default\">\n\t\t\t\t<div class=\"elementor-widget-container\">\n\t\t\t<h3 class=\"elementor-heading-title elementor-size-small\">Dipl\u00f4m\u00e9e de l'Ecole Nantaise de Sophrologie Cayc\u00e9dienne<\/h3>\t\t<\/div>\n\t\t\t\t<\/div>\n\t\t\t\t\t<\/div>\n\t\t<\/div>\n\t\t\t\t\t<\/div>\n\t\t<\/section>\n\t\t\t\t<section class=\"elementor-section elementor-top-section elementor-element elementor-element-5c31627 elementor-section-boxed elementor-section-height-default elementor-section-height-default\" data-id=\"5c31627\" data-element_type=\"section\" data-settings=\"{&quot;background_background&quot;:&quot;classic&quot;}\">\n\t\t\t\t\t\t<div class=\"elementor-container elementor-column-gap-default\">\n\t\t\t\t\t<div class=\"elementor-column elementor-col-100 elementor-top-column elementor-element elementor-element-a107e3a\" data-id=\"a107e3a\" data-element_type=\"column\" data-settings=\"{&quot;background_background&quot;:&quot;classic&quot;}\">\n\t\t\t<div class=\"elementor-widget-wrap elementor-element-populated\">\n\t\t\t\t\t<div class=\"elementor-background-overlay\"><\/div>\n\t\t\t\t\t\t<div class=\"elementor-element elementor-element-cb5a798 elementor-widget__width-initial elementor-widget elementor-widget-testimonial\" data-id=\"cb5a798\" data-element_type=\"widget\" data-widget_type=\"testimonial.default\">\n\t\t\t\t<div class=\"elementor-widget-container\">\n\t\t\t\t\t<div class=\"elementor-testimonial-wrapper\">\n\t\t\t\t\t\t\t<div class=\"elementor-testimonial-content\">\"Le moment pr\u00e9sent a un avantage sur tous les autres. Il nous appartient.\" <\/div>\n\t\t\t\n\t\t\t\t\t<\/div>\n\t\t\t\t<\/div>\n\t\t\t\t<\/div>\n\t\t\t\t\t<\/div>\n\t\t<\/div>\n\t\t\t\t\t<\/div>\n\t\t<\/section>\n\t\t\t\t<section class=\"elementor-section elementor-top-section elementor-element elementor-element-01ffef0 elementor-section-boxed elementor-section-height-default elementor-section-height-default\" data-id=\"01ffef0\" data-element_type=\"section\">\n\t\t\t\t\t\t<div class=\"elementor-container elementor-column-gap-default\">\n\t\t\t\t\t<div class=\"elementor-column elementor-col-100 elementor-top-column elementor-element elementor-element-0aa0836\" data-id=\"0aa0836\" data-element_type=\"column\">\n\t\t\t<div class=\"elementor-widget-wrap elementor-element-populated\">\n\t\t\t\t\t\t<div class=\"elementor-element elementor-element-e5e7443 elementor-widget elementor-widget-heading\" data-id=\"e5e7443\" data-element_type=\"widget\" data-widget_type=\"heading.default\">\n\t\t\t\t<div class=\"elementor-widget-container\">\n\t\t\t<h2 class=\"elementor-heading-title elementor-size-default\">De la sophrologie pour ...<\/h2>\t\t<\/div>\n\t\t\t\t<\/div>\n\t\t\t\t<div class=\"elementor-element elementor-element-151b4b0 elementor-widget-divider--view-line elementor-widget elementor-widget-divider\" data-id=\"151b4b0\" data-element_type=\"widget\" data-widget_type=\"divider.default\">\n\t\t\t\t<div class=\"elementor-widget-container\">\n\t\t\t\t\t<div class=\"elementor-divider\">\n\t\t\t<span class=\"elementor-divider-separator\">\n\t\t\t\t\t\t<\/span>\n\t\t<\/div>\n\t\t\t\t<\/div>\n\t\t\t\t<\/div>\n\t\t\t\t<section class=\"elementor-section elementor-inner-section elementor-element elementor-element-5415cda elementor-section-boxed elementor-section-height-default elementor-section-height-default\" data-id=\"5415cda\" data-element_type=\"section\">\n\t\t\t\t\t\t<div class=\"elementor-container elementor-column-gap-default\">\n\t\t\t\t\t<div class=\"elementor-column elementor-col-100 elementor-inner-column elementor-element elementor-element-1aaf044\" data-id=\"1aaf044\" data-element_type=\"column\">\n\t\t\t<div class=\"elementor-widget-wrap elementor-element-populated\">\n\t\t\t\t\t\t<div class=\"elementor-element elementor-element-ba141ea elementor-position-top elementor-widget elementor-widget-image-box\" data-id=\"ba141ea\" data-element_type=\"widget\" data-widget_type=\"image-box.default\">\n\t\t\t\t<div class=\"elementor-widget-container\">\n\t\t\t<div class=\"elementor-image-box-wrapper\"><figure class=\"elementor-image-box-img\"><img fetchpriority=\"high\" decoding=\"async\" width=\"1600\" height=\"901\" src=\"https:\/\/feliciekarbal.fr\/wp-content\/uploads\/2023\/08\/WhatsApp-Image-2023-08-17-a-18.28.19-1.jpg\" class=\"attachment-full size-full wp-image-1636\" alt=\"\" srcset=\"https:\/\/feliciekarbal.fr\/wp-content\/uploads\/2023\/08\/WhatsApp-Image-2023-08-17-a-18.28.19-1.jpg 1600w, https:\/\/feliciekarbal.fr\/wp-content\/uploads\/2023\/08\/WhatsApp-Image-2023-08-17-a-18.28.19-1-300x169.jpg 300w, https:\/\/feliciekarbal.fr\/wp-content\/uploads\/2023\/08\/WhatsApp-Image-2023-08-17-a-18.28.19-1-1024x577.jpg 1024w, https:\/\/feliciekarbal.fr\/wp-content\/uploads\/2023\/08\/WhatsApp-Image-2023-08-17-a-18.28.19-1-768x432.jpg 768w, https:\/\/feliciekarbal.fr\/wp-content\/uploads\/2023\/08\/WhatsApp-Image-2023-08-17-a-18.28.19-1-1536x865.jpg 1536w\" sizes=\"(max-width: 1600px) 100vw, 1600px\" \/><\/figure><div class=\"elementor-image-box-content\"><h5 class=\"elementor-image-box-title\">Quoi ?<\/h5><p class=\"elementor-image-box-description\">Se  relaxer, apprendre \u00e0 \u00e9couter son corps, \nam\u00e9liorer la qualit\u00e9 de son sommeil, \ng\u00e9rer des \u00e9motions, du stress,\ng\u00e9rer une douleur,\nd\u00e9velopper la confiance en soi, son potentiel,\ncontr\u00f4ler l'anxi\u00e9t\u00e9, les ruminations, \nse pr\u00e9parer sereinement \u00e0 des examens, des concours,\naccompagner un changement de vie\u2026\n<\/p><\/div><\/div>\t\t<\/div>\n\t\t\t\t<\/div>\n\t\t\t\t<div class=\"elementor-element elementor-element-0cc4d06 elementor-widget elementor-widget-image\" data-id=\"0cc4d06\" data-element_type=\"widget\" data-widget_type=\"image.default\">\n\t\t\t\t<div class=\"elementor-widget-container\">\n\t\t\t\t\t\t\t\t\t\t\t\t\t<img decoding=\"async\" width=\"1707\" height=\"2560\" src=\"https:\/\/feliciekarbal.fr\/wp-content\/uploads\/2023\/09\/DSC_0697-scaled.jpg\" class=\"attachment-full size-full wp-image-1926\" alt=\"\" srcset=\"https:\/\/feliciekarbal.fr\/wp-content\/uploads\/2023\/09\/DSC_0697-scaled.jpg 1707w, https:\/\/feliciekarbal.fr\/wp-content\/uploads\/2023\/09\/DSC_0697-200x300.jpg 200w, https:\/\/feliciekarbal.fr\/wp-content\/uploads\/2023\/09\/DSC_0697-683x1024.jpg 683w, https:\/\/feliciekarbal.fr\/wp-content\/uploads\/2023\/09\/DSC_0697-768x1152.jpg 768w, https:\/\/feliciekarbal.fr\/wp-content\/uploads\/2023\/09\/DSC_0697-1024x1536.jpg 1024w, https:\/\/feliciekarbal.fr\/wp-content\/uploads\/2023\/09\/DSC_0697-1365x2048.jpg 1365w\" sizes=\"(max-width: 1707px) 100vw, 1707px\" \/>\t\t\t\t\t\t\t\t\t\t\t\t\t<\/div>\n\t\t\t\t<\/div>\n\t\t\t\t<div class=\"elementor-element elementor-element-7c7a6b0 elementor-widget elementor-widget-image-box\" data-id=\"7c7a6b0\" data-element_type=\"widget\" data-widget_type=\"image-box.default\">\n\t\t\t\t<div class=\"elementor-widget-container\">\n\t\t\t<div class=\"elementor-image-box-wrapper\"><div class=\"elementor-image-box-content\"><h5 class=\"elementor-image-box-title\">Qui ?<\/h5><p class=\"elementor-image-box-description\">les enfants -\nles adolescents -\nles adultes<\/p><\/div><\/div>\t\t<\/div>\n\t\t\t\t<\/div>\n\t\t\t\t\t<\/div>\n\t\t<\/div>\n\t\t\t\t\t<\/div>\n\t\t<\/section>\n\t\t\t\t\t<\/div>\n\t\t<\/div>\n\t\t\t\t\t<\/div>\n\t\t<\/section>\n\t\t<div class=\"elementor-element elementor-element-a82fb78 e-flex e-con-boxed e-con e-parent\" data-id=\"a82fb78\" data-element_type=\"container\">\n\t\t\t\t\t<div class=\"e-con-inner\">\n\t\t<div class=\"elementor-element elementor-element-487d5a7 e-con-full e-flex e-con e-child\" data-id=\"487d5a7\" data-element_type=\"container\">\n\t\t\t\t<div class=\"elementor-element elementor-element-fd26543 elementor-widget elementor-widget-heading\" data-id=\"fd26543\" data-element_type=\"widget\" data-widget_type=\"heading.default\">\n\t\t\t\t<div class=\"elementor-widget-container\">\n\t\t\t<h2 class=\"elementor-heading-title elementor-size-default\">Qu'est-ce que la sophrologie ?<\/h2>\t\t<\/div>\n\t\t\t\t<\/div>\n\t\t\t\t<div class=\"elementor-element elementor-element-7dfffd9 elementor-widget-divider--view-line elementor-widget elementor-widget-divider\" data-id=\"7dfffd9\" data-element_type=\"widget\" data-widget_type=\"divider.default\">\n\t\t\t\t<div class=\"elementor-widget-container\">\n\t\t\t\t\t<div class=\"elementor-divider\">\n\t\t\t<span class=\"elementor-divider-separator\">\n\t\t\t\t\t\t<\/span>\n\t\t<\/div>\n\t\t\t\t<\/div>\n\t\t\t\t<\/div>\n\t\t<div class=\"elementor-element elementor-element-e90f40d e-con-full e-flex e-con e-child\" data-id=\"e90f40d\" data-element_type=\"container\">\n\t\t<div class=\"elementor-element elementor-element-2346df6 e-con-full e-flex e-con e-child\" data-id=\"2346df6\" data-element_type=\"container\">\n\t\t\t\t<div class=\"elementor-element elementor-element-db6d042 elementor-widget elementor-widget-image\" data-id=\"db6d042\" data-element_type=\"widget\" data-widget_type=\"image.default\">\n\t\t\t\t<div class=\"elementor-widget-container\">\n\t\t\t\t\t\t\t\t\t\t\t\t\t<img decoding=\"async\" width=\"1707\" height=\"2560\" src=\"https:\/\/feliciekarbal.fr\/wp-content\/uploads\/2023\/09\/DSC_0695-scaled.jpg\" class=\"attachment-full size-full wp-image-1927\" alt=\"\" srcset=\"https:\/\/feliciekarbal.fr\/wp-content\/uploads\/2023\/09\/DSC_0695-scaled.jpg 1707w, https:\/\/feliciekarbal.fr\/wp-content\/uploads\/2023\/09\/DSC_0695-200x300.jpg 200w, https:\/\/feliciekarbal.fr\/wp-content\/uploads\/2023\/09\/DSC_0695-683x1024.jpg 683w, https:\/\/feliciekarbal.fr\/wp-content\/uploads\/2023\/09\/DSC_0695-768x1152.jpg 768w, https:\/\/feliciekarbal.fr\/wp-content\/uploads\/2023\/09\/DSC_0695-1024x1536.jpg 1024w, https:\/\/feliciekarbal.fr\/wp-content\/uploads\/2023\/09\/DSC_0695-1365x2048.jpg 1365w\" sizes=\"(max-width: 1707px) 100vw, 1707px\" \/>\t\t\t\t\t\t\t\t\t\t\t\t\t<\/div>\n\t\t\t\t<\/div>\n\t\t\t\t<div class=\"elementor-element elementor-element-a638cab elementor-widget elementor-widget-image-box\" data-id=\"a638cab\" data-element_type=\"widget\" data-widget_type=\"image-box.default\">\n\t\t\t\t<div class=\"elementor-widget-container\">\n\t\t\t<div class=\"elementor-image-box-wrapper\"><div class=\"elementor-image-box-content\"><h5 class=\"elementor-image-box-title\">Une m\u00e9thode scientifique<\/h5><p class=\"elementor-image-box-description\">La sophrologie est une sciences qui a \u00e9t\u00e9 d\u00e9velopp\u00e9e par le professeur Alfonso Cayc\u00e9do \u00e0 partir des ann\u00e9es 1960. Il s'agit d'un ensemble de protocoles permettant de travailler sur la conscience de notre corps, les capacit\u00e9s de l'esprit, notre potentiel, nos valeurs et bien plus encore.<\/p><\/div><\/div>\t\t<\/div>\n\t\t\t\t<\/div>\n\t\t\t\t<\/div>\n\t\t<div class=\"elementor-element elementor-element-89d5f85 e-con-full e-flex e-con e-child\" data-id=\"89d5f85\" data-element_type=\"container\">\n\t\t\t\t<div class=\"elementor-element elementor-element-40f7f14 elementor-widget elementor-widget-image\" data-id=\"40f7f14\" data-element_type=\"widget\" data-widget_type=\"image.default\">\n\t\t\t\t<div class=\"elementor-widget-container\">\n\t\t\t\t\t\t\t\t\t\t\t\t\t<img loading=\"lazy\" decoding=\"async\" width=\"1024\" height=\"683\" src=\"https:\/\/feliciekarbal.fr\/wp-content\/uploads\/2023\/09\/DSC_0487-1024x683.jpg\" class=\"attachment-large size-large wp-image-1670\" alt=\"\" srcset=\"https:\/\/feliciekarbal.fr\/wp-content\/uploads\/2023\/09\/DSC_0487-1024x683.jpg 1024w, https:\/\/feliciekarbal.fr\/wp-content\/uploads\/2023\/09\/DSC_0487-300x200.jpg 300w, https:\/\/feliciekarbal.fr\/wp-content\/uploads\/2023\/09\/DSC_0487-768x512.jpg 768w, https:\/\/feliciekarbal.fr\/wp-content\/uploads\/2023\/09\/DSC_0487-1536x1024.jpg 1536w, https:\/\/feliciekarbal.fr\/wp-content\/uploads\/2023\/09\/DSC_0487-2048x1365.jpg 2048w\" sizes=\"(max-width: 1024px) 100vw, 1024px\" \/>\t\t\t\t\t\t\t\t\t\t\t\t\t<\/div>\n\t\t\t\t<\/div>\n\t\t\t\t<div class=\"elementor-element elementor-element-774b1b7 elementor-widget elementor-widget-image-box\" data-id=\"774b1b7\" data-element_type=\"widget\" data-widget_type=\"image-box.default\">\n\t\t\t\t<div class=\"elementor-widget-container\">\n\t\t\t<div class=\"elementor-image-box-wrapper\"><div class=\"elementor-image-box-content\"><h5 class=\"elementor-image-box-title\">Mais concr\u00e8tement ?<\/h5><p class=\"elementor-image-box-description\">Concr\u00e8tement, la sophrologie cayc\u00e9dienne se pratique assis ou debout. Les yeux ferm\u00e9s, guid\u00e9s par ma voix, nous allons nous d\u00e9-poser dans notre corps, l'\u00e9couter, apporter de la d\u00e9tente, du bien-\u00eatre. Nous utilisons aussi des exercices de tension\/d\u00e9tente corporelle pour mieux percevoir, ressentir notre corps; puis travailler positivement sur notre conscience, nos capacit\u00e9s.<\/p><\/div><\/div>\t\t<\/div>\n\t\t\t\t<\/div>\n\t\t\t\t<\/div>\n\t\t\t\t<\/div>\n\t\t\t\t<\/div>\n\t\t\t\t\t<\/div>\n\t\t\t\t<\/div>\n\t\t\t\t<section class=\"elementor-section elementor-top-section elementor-element elementor-element-51af88c animated-slow elementor-section-boxed elementor-section-height-default elementor-section-height-default elementor-invisible\" data-id=\"51af88c\" data-element_type=\"section\" data-settings=\"{&quot;background_background&quot;:&quot;classic&quot;,&quot;animation&quot;:&quot;fadeIn&quot;}\">\n\t\t\t\t\t\t\t<div class=\"elementor-background-overlay\"><\/div>\n\t\t\t\t\t\t\t<div class=\"elementor-container elementor-column-gap-default\">\n\t\t\t\t\t<div class=\"elementor-column elementor-col-100 elementor-top-column elementor-element elementor-element-e79a4c1\" data-id=\"e79a4c1\" data-element_type=\"column\" data-settings=\"{&quot;background_background&quot;:&quot;classic&quot;}\">\n\t\t\t<div class=\"elementor-widget-wrap elementor-element-populated\">\n\t\t\t\t\t\t<div class=\"elementor-element elementor-element-454c4b8 elementor-widget-tablet__width-initial elementor-widget-mobile__width-initial elementor-widget elementor-widget-heading\" data-id=\"454c4b8\" data-element_type=\"widget\" data-widget_type=\"heading.default\">\n\t\t\t\t<div class=\"elementor-widget-container\">\n\t\t\t<h3 class=\"elementor-heading-title elementor-size-medium\"><br><br><br><br><br><br>\"Prends soin de ton corps <br>pour que ton \u00e2me ait envie d'y rester.\"<br>                                                                    Gandhi<\/h3>\t\t<\/div>\n\t\t\t\t<\/div>\n\t\t\t\t\t<\/div>\n\t\t<\/div>\n\t\t\t\t\t<\/div>\n\t\t<\/section>\n\t\t\t\t<section class=\"elementor-section elementor-top-section elementor-element elementor-element-c604d49 elementor-section-boxed elementor-section-height-default elementor-section-height-default\" data-id=\"c604d49\" data-element_type=\"section\">\n\t\t\t\t\t\t<div class=\"elementor-container elementor-column-gap-default\">\n\t\t\t\t\t<div class=\"elementor-column elementor-col-100 elementor-top-column elementor-element elementor-element-1a60162\" data-id=\"1a60162\" data-element_type=\"column\">\n\t\t\t<div class=\"elementor-widget-wrap\">\n\t\t\t\t\t\t\t<\/div>\n\t\t<\/div>\n\t\t\t\t\t<\/div>\n\t\t<\/section>\n\t\t\t\t<\/div>\n\t\t","protected":false},"excerpt":{"rendered":"<p>F\u00e9licie Karbal Mieux vivre au quotidien c&#8217;est possible Dipl\u00f4m\u00e9e de l&#8217;Ecole Nantaise de Sophrologie Cayc\u00e9dienne &#8220;Le moment pr\u00e9sent a un avantage sur tous les autres. Il nous appartient.&#8221; De la sophrologie pour &#8230; Quoi ? Se relaxer, apprendre \u00e0 \u00e9couter son corps, am\u00e9liorer la qualit\u00e9 de son sommeil, g\u00e9rer des \u00e9motions, du stress, g\u00e9rer une &hellip;<\/p>\n<p class=\"read-more\"> <a class=\"\" href=\"https:\/\/feliciekarbal.fr\/\"> <span class=\"screen-reader-text\">En quelques mots<\/span> Read More &raquo;<\/a><\/p>\n","protected":false},"author":1,"featured_media":0,"parent":0,"menu_order":0,"comment_status":"closed","ping_status":"closed","template":"","meta":{"site-sidebar-layout":"no-sidebar","site-content-layout":"page-builder","ast-site-content-layout":"full-width-container","site-content-style":"unboxed","site-sidebar-style":"unboxed","ast-global-header-display":"","ast-banner-title-visibility":"","ast-main-header-display":"","ast-hfb-above-header-display":"","ast-hfb-below-header-display":"","ast-hfb-mobile-header-display":"","site-post-title":"disabled","ast-breadcrumbs-content":"","ast-featured-img":"disabled","footer-sml-layout":"","theme-transparent-header-meta":"enabled","adv-header-id-meta":"","stick-header-meta":"","header-above-stick-meta":"","header-main-stick-meta":"","header-below-stick-meta":"","astra-migrate-meta-layouts":"set","footnotes":""},"class_list":["post-1398","page","type-page","status-publish","hentry"],"_links":{"self":[{"href":"https:\/\/feliciekarbal.fr\/index.php\/wp-json\/wp\/v2\/pages\/1398","targetHints":{"allow":["GET"]}}],"collection":[{"href":"https:\/\/feliciekarbal.fr\/index.php\/wp-json\/wp\/v2\/pages"}],"about":[{"href":"https:\/\/feliciekarbal.fr\/index.php\/wp-json\/wp\/v2\/types\/page"}],"author":[{"embeddable":true,"href":"https:\/\/feliciekarbal.fr\/index.php\/wp-json\/wp\/v2\/users\/1"}],"replies":[{"embeddable":true,"href":"https:\/\/feliciekarbal.fr\/index.php\/wp-json\/wp\/v2\/comments?post=1398"}],"version-history":[{"count":237,"href":"https:\/\/feliciekarbal.fr\/index.php\/wp-json\/wp\/v2\/pages\/1398\/revisions"}],"predecessor-version":[{"id":2249,"href":"https:\/\/feliciekarbal.fr\/index.php\/wp-json\/wp\/v2\/pages\/1398\/revisions\/2249"}],"wp:attachment":[{"href":"https:\/\/feliciekarbal.fr\/index.php\/wp-json\/wp\/v2\/media?parent=1398"}],"curies":[{"name":"wp","href":"https:\/\/api.w.org\/{rel}","templated":true}]}}