{"id":1402,"date":"2018-11-27T09:17:28","date_gmt":"2018-11-27T09:17:28","guid":{"rendered":"http:\/\/feliciekarbal.fr\/index.php\/services\/"},"modified":"2023-11-16T15:22:07","modified_gmt":"2023-11-16T14:22:07","slug":"services","status":"publish","type":"page","link":"https:\/\/feliciekarbal.fr\/index.php\/services\/","title":{"rendered":"Qui suis-je ?"},"content":{"rendered":"\t\t<div data-elementor-type=\"wp-post\" data-elementor-id=\"1402\" class=\"elementor elementor-1402\">\n\t\t\t\t\t\t<section class=\"elementor-section elementor-top-section elementor-element elementor-element-33a79095 elementor-section-boxed elementor-section-height-default elementor-section-height-default\" data-id=\"33a79095\" data-element_type=\"section\" data-settings=\"{&quot;background_background&quot;:&quot;classic&quot;}\">\n\t\t\t\t\t\t\t<div class=\"elementor-background-overlay\"><\/div>\n\t\t\t\t\t\t\t<div class=\"elementor-container elementor-column-gap-default\">\n\t\t\t\t\t<div class=\"elementor-column elementor-col-100 elementor-top-column elementor-element elementor-element-3706530d\" data-id=\"3706530d\" data-element_type=\"column\">\n\t\t\t<div class=\"elementor-widget-wrap elementor-element-populated\">\n\t\t\t\t\t\t<div class=\"elementor-element elementor-element-5c663ee elementor-widget__width-initial elementor-widget-tablet__width-initial elementor-widget-mobile__width-initial elementor-widget elementor-widget-heading\" data-id=\"5c663ee\" data-element_type=\"widget\" data-widget_type=\"heading.default\">\n\t\t\t\t<div class=\"elementor-widget-container\">\n\t\t\t<h3 class=\"elementor-heading-title elementor-size-medium\">\"Lorsqu'un homme marche <br>vers son destin, <br>il est bien souvent forc\u00e9 <br>de changer de direction.\"<br><br>Paulo Coelho<\/h3>\t\t<\/div>\n\t\t\t\t<\/div>\n\t\t\t\t\t<\/div>\n\t\t<\/div>\n\t\t\t\t\t<\/div>\n\t\t<\/section>\n\t\t\t\t<section class=\"elementor-section elementor-inner-section elementor-element elementor-element-d6c60ea elementor-section-boxed elementor-section-height-default elementor-section-height-default\" data-id=\"d6c60ea\" data-element_type=\"section\">\n\t\t\t\t\t\t<div class=\"elementor-container elementor-column-gap-default\">\n\t\t\t\t\t<div class=\"elementor-column elementor-col-100 elementor-inner-column elementor-element elementor-element-bce40d9\" data-id=\"bce40d9\" data-element_type=\"column\">\n\t\t\t<div class=\"elementor-widget-wrap elementor-element-populated\">\n\t\t\t\t\t\t<div class=\"elementor-element elementor-element-c17baf9 elementor-widget-tablet__width-initial elementor-widget-mobile__width-initial elementor-widget elementor-widget-image-box\" data-id=\"c17baf9\" data-element_type=\"widget\" data-widget_type=\"image-box.default\">\n\t\t\t\t<div class=\"elementor-widget-container\">\n\t\t\t<div class=\"elementor-image-box-wrapper\"><div class=\"elementor-image-box-content\"><p class=\"elementor-image-box-description\">Depuis mon plus jeune \u00e2ge, j'ai eu l'occasion de voyager et de rencontrer des personnes de diff\u00e9rentes cultures, de diff\u00e9rents horizons. Je me suis toujours int\u00e9ress\u00e9e aux relations humaines. J'aime \u00e9changer, apprendre des autres. \"<i>Seul on va plus vite, ensemble on va plus loin<\/i>. \"<br>J'ai \u00e9galement men\u00e9 diff\u00e9rentes actions b\u00e9n\u00e9voles dont l'une, en Afrique, qui m'a men\u00e9e vers l'enseignement, mon premier m\u00e9tier.<br><br>Soucieuse du bien-\u00eatre dans mon milieu professionnel, je me suis questionn\u00e9e pendant plusieurs ann\u00e9es  sur les diff\u00e9rentes mani\u00e8res d'amener un mieux \u00eatre \u00e0 l'\u00e9cole. Mes r\u00e9flexions, mon exp\u00e9rience et mon cheminement personnel m\u2019ont amen\u00e9e vers la sophrologie. De caract\u00e8re dynamique et entreprenant, j'ai d\u00e9cid\u00e9 de me lancer dans cette nouvelle aventure humaine. Au del\u00e0 de ce m\u00e9tier, la sophrologie m'a apport\u00e9e une paix int\u00e9rieure, une meilleure connaissance de moi-m\u00eame et la prise de conscience d'un besoin de \"ralentir\" dans nos vies bien charg\u00e9es. <br>\n Ce sont un an et demi de formation \u00e0 l\u2019ENSC, une sp\u00e9cialisation sur le sommeil, 320 heures de formation, des observations, plus de 250 heures de travail personnel et autant de s\u00e9ances v\u00e9cues \u00e0 titre personnel, qui me permettent aujourd'hui de vous accompagner dans votre d\u00e9marche. J'ai pratiqu\u00e9 \u00e0 de nombreuses reprises toutes les techniques que je vous proposerai. <br><br>J\u2019ai \u00e0 c\u0153ur d\u2019accompagner les personnes qui souhaitent, par la pratique de la sophrologie, am\u00e9liorer leur qualit\u00e9 de vie.\n<\/p><\/div><\/div>\t\t<\/div>\n\t\t\t\t<\/div>\n\t\t\t\t\t<\/div>\n\t\t<\/div>\n\t\t\t\t\t<\/div>\n\t\t<\/section>\n\t\t\t\t<\/div>\n\t\t","protected":false},"excerpt":{"rendered":"<p>&#8220;Lorsqu&#8217;un homme marche vers son destin, il est bien souvent forc\u00e9 de changer de direction.&#8221; Paulo Coelho Depuis mon plus jeune \u00e2ge, j&#8217;ai eu l&#8217;occasion de voyager et de rencontrer des personnes de diff\u00e9rentes cultures, de diff\u00e9rents horizons. Je me suis toujours int\u00e9ress\u00e9e aux relations humaines. J&#8217;aime \u00e9changer, apprendre des autres. &#8220;Seul on va plus &hellip;<\/p>\n<p class=\"read-more\"> <a class=\"\" href=\"https:\/\/feliciekarbal.fr\/index.php\/services\/\"> <span class=\"screen-reader-text\">Qui suis-je ?<\/span> Read More &raquo;<\/a><\/p>\n","protected":false},"author":1,"featured_media":1548,"parent":0,"menu_order":0,"comment_status":"closed","ping_status":"closed","template":"","meta":{"site-sidebar-layout":"no-sidebar","site-content-layout":"page-builder","ast-site-content-layout":"","site-content-style":"default","site-sidebar-style":"default","ast-global-header-display":"","ast-banner-title-visibility":"","ast-main-header-display":"","ast-hfb-above-header-display":"","ast-hfb-below-header-display":"","ast-hfb-mobile-header-display":"","site-post-title":"disabled","ast-breadcrumbs-content":"","ast-featured-img":"disabled","footer-sml-layout":"","theme-transparent-header-meta":"enabled","adv-header-id-meta":"","stick-header-meta":"","header-above-stick-meta":"","header-main-stick-meta":"","header-below-stick-meta":"","astra-migrate-meta-layouts":"","footnotes":""},"class_list":["post-1402","page","type-page","status-publish","has-post-thumbnail","hentry"],"_links":{"self":[{"href":"https:\/\/feliciekarbal.fr\/index.php\/wp-json\/wp\/v2\/pages\/1402","targetHints":{"allow":["GET"]}}],"collection":[{"href":"https:\/\/feliciekarbal.fr\/index.php\/wp-json\/wp\/v2\/pages"}],"about":[{"href":"https:\/\/feliciekarbal.fr\/index.php\/wp-json\/wp\/v2\/types\/page"}],"author":[{"embeddable":true,"href":"https:\/\/feliciekarbal.fr\/index.php\/wp-json\/wp\/v2\/users\/1"}],"replies":[{"embeddable":true,"href":"https:\/\/feliciekarbal.fr\/index.php\/wp-json\/wp\/v2\/comments?post=1402"}],"version-history":[{"count":73,"href":"https:\/\/feliciekarbal.fr\/index.php\/wp-json\/wp\/v2\/pages\/1402\/revisions"}],"predecessor-version":[{"id":2120,"href":"https:\/\/feliciekarbal.fr\/index.php\/wp-json\/wp\/v2\/pages\/1402\/revisions\/2120"}],"wp:featuredmedia":[{"embeddable":true,"href":"https:\/\/feliciekarbal.fr\/index.php\/wp-json\/wp\/v2\/media\/1548"}],"wp:attachment":[{"href":"https:\/\/feliciekarbal.fr\/index.php\/wp-json\/wp\/v2\/media?parent=1402"}],"curies":[{"name":"wp","href":"https:\/\/api.w.org\/{rel}","templated":true}]}}