{"id":2008,"date":"2023-11-16T11:25:59","date_gmt":"2023-11-16T10:25:59","guid":{"rendered":"https:\/\/feliciekarbal.fr\/?page_id=2008"},"modified":"2024-11-27T17:50:06","modified_gmt":"2024-11-27T16:50:06","slug":"elementor-page-2008","status":"publish","type":"page","link":"https:\/\/feliciekarbal.fr\/index.php\/elementor-page-2008\/","title":{"rendered":"T\u00e9moignages"},"content":{"rendered":"\t\t<div data-elementor-type=\"wp-page\" data-elementor-id=\"2008\" class=\"elementor elementor-2008\">\n\t\t\t\t<div class=\"elementor-element elementor-element-3e1efbd e-grid e-con-boxed e-con e-parent\" data-id=\"3e1efbd\" data-element_type=\"container\">\n\t\t\t\t\t<div class=\"e-con-inner\">\n\t\t\t\t<div class=\"elementor-element elementor-element-5fc1354 elementor-widget elementor-widget-heading\" data-id=\"5fc1354\" data-element_type=\"widget\" data-widget_type=\"heading.default\">\n\t\t\t\t<div class=\"elementor-widget-container\">\n\t\t\t<h2 class=\"elementor-heading-title elementor-size-default\">Qu'est -ce que la sophrologie <br>m'a apport\u00e9 ?<\/h2>\t\t<\/div>\n\t\t\t\t<\/div>\n\t\t\t\t<div class=\"elementor-element elementor-element-d14e7f6 elementor-widget elementor-widget-text-editor\" data-id=\"d14e7f6\" data-element_type=\"widget\" data-widget_type=\"text-editor.default\">\n\t\t\t\t<div class=\"elementor-widget-container\">\n\t\t\t\t\t\t\t<p>Concr\u00e8tement, je me sens plus calme au quotidien, plus apais\u00e9e. Je m&#8217;\u00e9nerve moins vite avec mon entourage. Je prends le temps d&#8217;utiliser les outils que j&#8217;ai appris pour mieux respirer, me sentir moins tendue. Je ne suis plus tout le temps en train d&#8217;anticiper sur ce que j&#8217;ai \u00e0 faire. Je me mets moins de pression.<\/p><p>Fanny &#8211; 39 ans<\/p>\t\t\t\t\t\t<\/div>\n\t\t\t\t<\/div>\n\t\t\t\t<div class=\"elementor-element elementor-element-a130e25 elementor-widget__width-initial elementor-widget elementor-widget-text-editor\" data-id=\"a130e25\" data-element_type=\"widget\" data-widget_type=\"text-editor.default\">\n\t\t\t\t<div class=\"elementor-widget-container\">\n\t\t\t\t\t\t\t<div id=\"yiv0809524157yqt91255\" class=\"yiv0809524157yqt1602073547\">\n<div class=\"yiv0809524157mimetype-text-html\">\n<div>\n<div id=\"yiv0809524157\">\n<div>\n<div>&#8220;Je conseille vivement la sophrologie pour prendre soin de soi. F\u00e9licie m&#8217;a guid\u00e9e au fil des s\u00e9ances pour me reconnecter \u00e0 mon corps , mieux g\u00e9rer le stress quotidien en m&#8217;apprenant diff\u00e9rentes techniques de respiration et d\u00e9velopper un esprit plus positif . Chaque rencontre a \u00e9t\u00e9 agr\u00e9able et je rentrais apais\u00e9e&#8221;.<\/div>\n<div>&nbsp;<\/div>\n<div>Fabienne<\/div>\n<div>&nbsp;<\/div>\n<\/div>\n<\/div>\n<\/div>\n<\/div>\n<\/div>\t\t\t\t\t\t<\/div>\n\t\t\t\t<\/div>\n\t\t\t\t<div class=\"elementor-element elementor-element-38685fe elementor-widget__width-initial elementor-widget elementor-widget-text-editor\" data-id=\"38685fe\" data-element_type=\"widget\" data-widget_type=\"text-editor.default\">\n\t\t\t\t<div class=\"elementor-widget-container\">\n\t\t\t\t\t\t\t<div id=\"yiv0809524157yqt91255\" class=\"yiv0809524157yqt1602073547\"><div class=\"yiv0809524157mimetype-text-html\"><div><div id=\"yiv0809524157\"><div><div>\u00ab Merci F\u00e9licie pour tes qualit\u00e9s d\u2019\u00e9coute et d\u2019empathie qui m\u2019ont beaucoup aid\u00e9. J\u2019ai pu mettre en pratique tous les petits exercices qui, minent de rien, font de grandes choses ! Ces s\u00e9ances m\u2019ont permis de me sentir plus sereine, et plus \u00e0 l\u2019\u00e9coute de moi m\u00eame. Je ne peux que parler de toi en positif. \u00bb<\/div><div>\u00a0<\/div><div>Edwige<\/div><div>\u00a0<\/div><\/div><\/div><\/div><\/div><\/div>\t\t\t\t\t\t<\/div>\n\t\t\t\t<\/div>\n\t\t\t\t\t<\/div>\n\t\t\t\t<\/div>\n\t\t\t\t<\/div>\n\t\t","protected":false},"excerpt":{"rendered":"<p>Qu&#8217;est -ce que la sophrologie m&#8217;a apport\u00e9 ? Concr\u00e8tement, je me sens plus calme au quotidien, plus apais\u00e9e. Je m&#8217;\u00e9nerve moins vite avec mon entourage. Je prends le temps d&#8217;utiliser les outils que j&#8217;ai appris pour mieux respirer, me sentir moins tendue. Je ne suis plus tout le temps en train d&#8217;anticiper sur ce que &hellip;<\/p>\n<p class=\"read-more\"> <a class=\"\" href=\"https:\/\/feliciekarbal.fr\/index.php\/elementor-page-2008\/\"> <span class=\"screen-reader-text\">T\u00e9moignages<\/span> Read More &raquo;<\/a><\/p>\n","protected":false},"author":1,"featured_media":0,"parent":0,"menu_order":2,"comment_status":"closed","ping_status":"closed","template":"","meta":{"site-sidebar-layout":"no-sidebar","site-content-layout":"page-builder","ast-site-content-layout":"full-width-container","site-content-style":"unboxed","site-sidebar-style":"unboxed","ast-global-header-display":"","ast-banner-title-visibility":"","ast-main-header-display":"","ast-hfb-above-header-display":"","ast-hfb-below-header-display":"","ast-hfb-mobile-header-display":"","site-post-title":"disabled","ast-breadcrumbs-content":"","ast-featured-img":"disabled","footer-sml-layout":"","theme-transparent-header-meta":"","adv-header-id-meta":"","stick-header-meta":"","header-above-stick-meta":"","header-main-stick-meta":"","header-below-stick-meta":"","astra-migrate-meta-layouts":"set","footnotes":""},"class_list":["post-2008","page","type-page","status-publish","hentry"],"_links":{"self":[{"href":"https:\/\/feliciekarbal.fr\/index.php\/wp-json\/wp\/v2\/pages\/2008","targetHints":{"allow":["GET"]}}],"collection":[{"href":"https:\/\/feliciekarbal.fr\/index.php\/wp-json\/wp\/v2\/pages"}],"about":[{"href":"https:\/\/feliciekarbal.fr\/index.php\/wp-json\/wp\/v2\/types\/page"}],"author":[{"embeddable":true,"href":"https:\/\/feliciekarbal.fr\/index.php\/wp-json\/wp\/v2\/users\/1"}],"replies":[{"embeddable":true,"href":"https:\/\/feliciekarbal.fr\/index.php\/wp-json\/wp\/v2\/comments?post=2008"}],"version-history":[{"count":32,"href":"https:\/\/feliciekarbal.fr\/index.php\/wp-json\/wp\/v2\/pages\/2008\/revisions"}],"predecessor-version":[{"id":2217,"href":"https:\/\/feliciekarbal.fr\/index.php\/wp-json\/wp\/v2\/pages\/2008\/revisions\/2217"}],"wp:attachment":[{"href":"https:\/\/feliciekarbal.fr\/index.php\/wp-json\/wp\/v2\/media?parent=2008"}],"curies":[{"name":"wp","href":"https:\/\/api.w.org\/{rel}","templated":true}]}}