{"id":2182,"date":"2024-11-27T17:12:38","date_gmt":"2024-11-27T16:12:38","guid":{"rendered":"https:\/\/feliciekarbal.fr\/?page_id=2182"},"modified":"2024-11-27T17:48:42","modified_gmt":"2024-11-27T16:48:42","slug":"partenariat","status":"publish","type":"page","link":"https:\/\/feliciekarbal.fr\/index.php\/partenariat\/","title":{"rendered":"partenariat"},"content":{"rendered":"\t\t<div data-elementor-type=\"wp-page\" data-elementor-id=\"2182\" class=\"elementor elementor-2182\">\n\t\t\t\t<div class=\"elementor-element elementor-element-f96c399 e-flex e-con-boxed e-con e-parent\" data-id=\"f96c399\" data-element_type=\"container\">\n\t\t\t\t\t<div class=\"e-con-inner\">\n\t\t\t\t<div class=\"elementor-element elementor-element-03cafec elementor-widget elementor-widget-heading\" data-id=\"03cafec\" data-element_type=\"widget\" data-widget_type=\"heading.default\">\n\t\t\t\t<div class=\"elementor-widget-container\">\n\t\t\t<h2 class=\"elementor-heading-title elementor-size-default\">Partenariat<\/h2>\t\t<\/div>\n\t\t\t\t<\/div>\n\t\t\t\t\t<\/div>\n\t\t\t\t<\/div>\n\t\t<div class=\"elementor-element elementor-element-12dabe3 e-grid e-con-boxed e-con e-parent\" data-id=\"12dabe3\" data-element_type=\"container\">\n\t\t\t\t\t<div class=\"e-con-inner\">\n\t\t\t\t<div class=\"elementor-element elementor-element-a8e68d3 elementor-widget elementor-widget-image\" data-id=\"a8e68d3\" data-element_type=\"widget\" data-widget_type=\"image.default\">\n\t\t\t\t<div class=\"elementor-widget-container\">\n\t\t\t\t\t\t\t\t\t\t\t\t\t<img fetchpriority=\"high\" decoding=\"async\" width=\"1024\" height=\"683\" src=\"https:\/\/feliciekarbal.fr\/wp-content\/uploads\/2024\/11\/KDC0526-1024x683.jpg\" class=\"attachment-large size-large wp-image-2190\" alt=\"\" srcset=\"https:\/\/feliciekarbal.fr\/wp-content\/uploads\/2024\/11\/KDC0526-1024x683.jpg 1024w, https:\/\/feliciekarbal.fr\/wp-content\/uploads\/2024\/11\/KDC0526-300x200.jpg 300w, https:\/\/feliciekarbal.fr\/wp-content\/uploads\/2024\/11\/KDC0526-768x512.jpg 768w, https:\/\/feliciekarbal.fr\/wp-content\/uploads\/2024\/11\/KDC0526-1536x1024.jpg 1536w, https:\/\/feliciekarbal.fr\/wp-content\/uploads\/2024\/11\/KDC0526-2048x1365.jpg 2048w\" sizes=\"(max-width: 1024px) 100vw, 1024px\" \/>\t\t\t\t\t\t\t\t\t\t\t\t\t<\/div>\n\t\t\t\t<\/div>\n\t\t\t\t<div class=\"elementor-element elementor-element-937dcce elementor-widget elementor-widget-text-editor\" data-id=\"937dcce\" data-element_type=\"widget\" data-widget_type=\"text-editor.default\">\n\t\t\t\t<div class=\"elementor-widget-container\">\n\t\t\t\t\t\t\t<p>Je travaille \u00e9galement aujourd&#8217;hui avec Nathalie, dirigeante de la boutique Esprit Green, \u00e0 Saint Julien de Concelles. Nous sommes une \u00e9quipe de sept femmes, au parcours diff\u00e9rents, form\u00e9es autour du bien -\u00eatre : sophrologie, naturopathie, massage, r\u00e9flexologie plantaire, neurofeedback dynamique, onglerie.<\/p><p>Je peux vous recevoir en suivi individuel dans l&#8217;espace bien \u00eatre de sa boutique et \u00e9galement dans le cadre d&#8217;ateliers collectifs, en petits groupes, avec bienveillance.<\/p>\t\t\t\t\t\t<\/div>\n\t\t\t\t<\/div>\n\t\t\t\t<div class=\"elementor-element elementor-element-d0d27cf elementor-widget elementor-widget-image\" data-id=\"d0d27cf\" data-element_type=\"widget\" data-widget_type=\"image.default\">\n\t\t\t\t<div class=\"elementor-widget-container\">\n\t\t\t\t\t\t\t\t\t\t\t\t\t<img decoding=\"async\" width=\"768\" height=\"1024\" src=\"https:\/\/feliciekarbal.fr\/wp-content\/uploads\/2024\/11\/20241107_150519-768x1024.jpg\" class=\"attachment-large size-large wp-image-2193\" alt=\"\" srcset=\"https:\/\/feliciekarbal.fr\/wp-content\/uploads\/2024\/11\/20241107_150519-768x1024.jpg 768w, https:\/\/feliciekarbal.fr\/wp-content\/uploads\/2024\/11\/20241107_150519-225x300.jpg 225w, https:\/\/feliciekarbal.fr\/wp-content\/uploads\/2024\/11\/20241107_150519-1152x1536.jpg 1152w, https:\/\/feliciekarbal.fr\/wp-content\/uploads\/2024\/11\/20241107_150519-1536x2048.jpg 1536w, https:\/\/feliciekarbal.fr\/wp-content\/uploads\/2024\/11\/20241107_150519-scaled.jpg 1920w\" sizes=\"(max-width: 768px) 100vw, 768px\" \/>\t\t\t\t\t\t\t\t\t\t\t\t\t<\/div>\n\t\t\t\t<\/div>\n\t\t\t\t<div class=\"elementor-element elementor-element-b147cda elementor-widget elementor-widget-google_maps\" data-id=\"b147cda\" data-element_type=\"widget\" data-widget_type=\"google_maps.default\">\n\t\t\t\t<div class=\"elementor-widget-container\">\n\t\t\t\t\t<div class=\"elementor-custom-embed\">\n\t\t\t<iframe loading=\"lazy\"\n\t\t\t\t\tsrc=\"https:\/\/maps.google.com\/maps?q=Esprit%20Green%2C%201%2C%20rue%20Basse-Rivi%C3%A8re&#038;t=m&#038;z=10&#038;output=embed&#038;iwloc=near\"\n\t\t\t\t\ttitle=\"Esprit Green, 1, rue Basse-Rivi\u00e8re\"\n\t\t\t\t\taria-label=\"Esprit Green, 1, rue Basse-Rivi\u00e8re\"\n\t\t\t><\/iframe>\n\t\t<\/div>\n\t\t\t\t<\/div>\n\t\t\t\t<\/div>\n\t\t\t\t<div class=\"elementor-element elementor-element-fd794ba elementor-view-default elementor-widget elementor-widget-icon\" data-id=\"fd794ba\" data-element_type=\"widget\" data-widget_type=\"icon.default\">\n\t\t\t\t<div class=\"elementor-widget-container\">\n\t\t\t\t\t<div class=\"elementor-icon-wrapper\">\n\t\t\t<a class=\"elementor-icon\" href=\"https:\/\/espritgreen.fr\/\">\n\t\t\t<svg aria-hidden=\"true\" class=\"e-font-icon-svg e-fas-leaf\" viewBox=\"0 0 576 512\" xmlns=\"http:\/\/www.w3.org\/2000\/svg\"><path d=\"M546.2 9.7c-5.6-12.5-21.6-13-28.3-1.2C486.9 62.4 431.4 96 368 96h-80C182 96 96 182 96 288c0 7 .8 13.7 1.5 20.5C161.3 262.8 253.4 224 384 224c8.8 0 16 7.2 16 16s-7.2 16-16 16C132.6 256 26 410.1 2.4 468c-6.6 16.3 1.2 34.9 17.5 41.6 16.4 6.8 35-1.1 41.8-17.3 1.5-3.6 20.9-47.9 71.9-90.6 32.4 43.9 94 85.8 174.9 77.2C465.5 467.5 576 326.7 576 154.3c0-50.2-10.8-102.2-29.8-144.6z\"><\/path><\/svg>\t\t\t<\/a>\n\t\t<\/div>\n\t\t\t\t<\/div>\n\t\t\t\t<\/div>\n\t\t\t\t\t<\/div>\n\t\t\t\t<\/div>\n\t\t\t\t<\/div>\n\t\t","protected":false},"excerpt":{"rendered":"<p>Partenariat Je travaille \u00e9galement aujourd&#8217;hui avec Nathalie, dirigeante de la boutique Esprit Green, \u00e0 Saint Julien de Concelles. Nous sommes une \u00e9quipe de sept femmes, au parcours diff\u00e9rents, form\u00e9es autour du bien -\u00eatre : sophrologie, naturopathie, massage, r\u00e9flexologie plantaire, neurofeedback dynamique, onglerie. Je peux vous recevoir en suivi individuel dans l&#8217;espace bien \u00eatre de sa &hellip;<\/p>\n<p class=\"read-more\"> <a class=\"\" href=\"https:\/\/feliciekarbal.fr\/index.php\/partenariat\/\"> <span class=\"screen-reader-text\">partenariat<\/span> Read More &raquo;<\/a><\/p>\n","protected":false},"author":1,"featured_media":2190,"parent":0,"menu_order":0,"comment_status":"closed","ping_status":"closed","template":"","meta":{"site-sidebar-layout":"no-sidebar","site-content-layout":"page-builder","ast-site-content-layout":"default","site-content-style":"default","site-sidebar-style":"default","ast-global-header-display":"","ast-banner-title-visibility":"","ast-main-header-display":"","ast-hfb-above-header-display":"","ast-hfb-below-header-display":"","ast-hfb-mobile-header-display":"","site-post-title":"disabled","ast-breadcrumbs-content":"","ast-featured-img":"disabled","footer-sml-layout":"","theme-transparent-header-meta":"","adv-header-id-meta":"","stick-header-meta":"","header-above-stick-meta":"","header-main-stick-meta":"","header-below-stick-meta":"","astra-migrate-meta-layouts":"set","footnotes":""},"class_list":["post-2182","page","type-page","status-publish","has-post-thumbnail","hentry"],"_links":{"self":[{"href":"https:\/\/feliciekarbal.fr\/index.php\/wp-json\/wp\/v2\/pages\/2182","targetHints":{"allow":["GET"]}}],"collection":[{"href":"https:\/\/feliciekarbal.fr\/index.php\/wp-json\/wp\/v2\/pages"}],"about":[{"href":"https:\/\/feliciekarbal.fr\/index.php\/wp-json\/wp\/v2\/types\/page"}],"author":[{"embeddable":true,"href":"https:\/\/feliciekarbal.fr\/index.php\/wp-json\/wp\/v2\/users\/1"}],"replies":[{"embeddable":true,"href":"https:\/\/feliciekarbal.fr\/index.php\/wp-json\/wp\/v2\/comments?post=2182"}],"version-history":[{"count":19,"href":"https:\/\/feliciekarbal.fr\/index.php\/wp-json\/wp\/v2\/pages\/2182\/revisions"}],"predecessor-version":[{"id":2213,"href":"https:\/\/feliciekarbal.fr\/index.php\/wp-json\/wp\/v2\/pages\/2182\/revisions\/2213"}],"wp:featuredmedia":[{"embeddable":true,"href":"https:\/\/feliciekarbal.fr\/index.php\/wp-json\/wp\/v2\/media\/2190"}],"wp:attachment":[{"href":"https:\/\/feliciekarbal.fr\/index.php\/wp-json\/wp\/v2\/media?parent=2182"}],"curies":[{"name":"wp","href":"https:\/\/api.w.org\/{rel}","templated":true}]}}